{"id":19,"date":"2023-05-08T11:52:05","date_gmt":"2023-05-08T15:52:05","guid":{"rendered":"https:\/\/forteiguatemi-faeng.ufms.br\/?page_id=19"},"modified":"2023-07-17T16:28:07","modified_gmt":"2023-07-17T20:28:07","slug":"o-projeto","status":"publish","type":"page","link":"https:\/\/forteiguatemi-faeng.ufms.br\/en\/o-projeto\/","title":{"rendered":"O PROJETO"},"content":{"rendered":"<p style=\"text-align: center\">No princ\u00edpio do s\u00e9culo XVI, quando os portugueses aqui chegaram traziam consigo s\u00e9culos de conhecimento sobre constru\u00e7\u00e3o de fortifica\u00e7\u00f5es, fundamentais para a ocupa\u00e7\u00e3o, povoamento, organiza\u00e7\u00e3o e explora\u00e7\u00e3o dos novos territ\u00f3rios, fato que ocorreu em outras col\u00f4nias como na \u00c1frica, ilhas do Atl\u00e2ntico e \u00cdndia e, aqui no Brasil n\u00e3o foi diferente.<\/p>\n<p style=\"text-align: center\">Esta expans\u00e3o ultramarina permitiu aos portugueses colocarem em pr\u00e1tica conhecimentos construtivos, bem como, a busca de novas solu\u00e7\u00f5es arquitet\u00f4nicas, adequadas \u00e0s novas realidades clim\u00e1ticas, topogr\u00e1ficas, de mat\u00e9ria prima e, n\u00e3o menos importantes \u00e0s hostilidades encontradas nos diferentes continentes.<\/p>\n<p style=\"text-align: center\">Durante o reinado de Jos\u00e9 I, de 1750 a 1777, o Brasil passou por reformas e constru\u00e7\u00e3o de novas fortifica\u00e7\u00f5es que seriam destinadas a delimitar o territ\u00f3rio e garantir a soberania portuguesa, contra as pretens\u00f5es expansionistas espanholas, principalmente na fronteira brasileira.<\/p>\n<p style=\"text-align: center\">Com estas considera\u00e7\u00f5es e premissas iniciais, este site busca fornecer informa\u00e7\u00f5es a respeito do Forte de Nossa Senhora dos Prazeres do Iguatemi, localizado \u00e0 margem esquerda do Rio Iguatemi, no Munic\u00edpio de Paranhos &#8211; Mato Grosso do Sul. Hoje o mesmo encontra-se em ru\u00ednas, no entanto, o que ainda existe confirma a ocupa\u00e7\u00e3o oeste do Brasil, na segunda metade do s\u00e9culo XVIII, pelos colonizadores portugueses durante a disputa fronteiri\u00e7a entre Portugal e Espanha no per\u00edodo de coloniza\u00e7\u00e3o das Am\u00e9ricas.<\/p>\n<p style=\"text-align: center\">A funda\u00e7\u00e3o deste Forte tinha por objetivo proteger as fronteiras estabelecidas com os tratados de Tordesilhas e de Madri \u00e0 oeste da ent\u00e3o col\u00f4nia de Portugal das frentes espanholas que ocupavam esta regi\u00e3o. O Tratado de Madri, de 1750, teve por finalidade substituir o Tratado de Tordesilhas, de 1494, e assim p\u00f4r fim \u00e0s disputas e os limites entre as respectivas col\u00f4nias sul-americanas de Portugal e Espanha, privilegiando os rios e montanhas para demarca\u00e7\u00e3o dos limites. A Coroa portuguesa estabelece medidas de prote\u00e7\u00e3o da fronteira oeste da col\u00f4nia portuguesa no Brasil, sendo uma delas a instala\u00e7\u00e3o de fortifica\u00e7\u00f5es, o Forte de Nossa Senhora dos Prazeres do Iguatemi foi uma dessas medidas.<\/p>\n<p style=\"text-align: center\">Dessa forma, este site foi criado atrav\u00e9s de pesquisa bibliogr\u00e1fica em fontes prim\u00e1rias, dados cartogr\u00e1ficos e fotogr\u00e1ficos, visando identificar os elementos que possam ajudar na identifica\u00e7\u00e3o e informa\u00e7\u00f5es que contribuir\u00e3o para o acervo do Patrim\u00f4nio Arquitet\u00f4nico Brasileiro e do estado de Mato Grosso do Sul, atrav\u00e9s do projeto de extens\u00e3o do Curso de Arquitetura e Urbanismo da Universidade Federal de Mato Grosso do Sul, de acordo processo no SIGPROJ- UFMS e a Resolu\u00e7\u00e3o N\u00ba 677-CAS\/FAENG\/UFMS, DE 12 de agosto de 2022, com o tema:<\/p>\n<p style=\"text-align: center\"><strong><u>O FORTE DE NOSSA SENHORA DOS PRAZERES DO IGUATEMI:<\/u> <u>IDENTIFICA\u00c7\u00c3O HIST\u00d3RICA E F\u00cdSICA DAS RU\u00cdNAS QUE CONFIRMAM A<\/u> <u>OCUPA\u00c7\u00c3O OESTE DO BRASIL, NA SEGUNDA METADE DO S\u00c9CULO XVIII<\/u> <u>PELOS COLONIZADORES PORTUGUESES DURANTE A DISPUTA<\/u> <u>FRONTEIRI\u00c7A ENTRE PORTUGAL E ESPANHA<\/u>.<\/strong><\/p>\n","protected":false},"excerpt":{"rendered":"<p>No princ\u00edpio do s\u00e9culo XVI, quando os portugueses aqui chegaram traziam consigo s\u00e9culos de conhecimento sobre constru\u00e7\u00e3o de fortifica\u00e7\u00f5es, fundamentais para a ocupa\u00e7\u00e3o, povoamento, organiza\u00e7\u00e3o e explora\u00e7\u00e3o dos novos territ\u00f3rios, fato que ocorreu em outras col\u00f4nias como na \u00c1frica, ilhas do Atl\u00e2ntico e \u00cdndia e, aqui no Brasil n\u00e3o foi diferente. Esta expans\u00e3o ultramarina permitiu [&hellip;]<\/p>\n","protected":false},"author":41708,"featured_media":0,"parent":0,"menu_order":0,"comment_status":"closed","ping_status":"closed","template":"","meta":{"footnotes":""},"coauthors":[],"class_list":["post-19","page","type-page","status-publish","hentry"],"_links":{"self":[{"href":"https:\/\/forteiguatemi-faeng.ufms.br\/en\/wp-json\/wp\/v2\/pages\/19","targetHints":{"allow":["GET"]}}],"collection":[{"href":"https:\/\/forteiguatemi-faeng.ufms.br\/en\/wp-json\/wp\/v2\/pages"}],"about":[{"href":"https:\/\/forteiguatemi-faeng.ufms.br\/en\/wp-json\/wp\/v2\/types\/page"}],"author":[{"embeddable":true,"href":"https:\/\/forteiguatemi-faeng.ufms.br\/en\/wp-json\/wp\/v2\/users\/41708"}],"replies":[{"embeddable":true,"href":"https:\/\/forteiguatemi-faeng.ufms.br\/en\/wp-json\/wp\/v2\/comments?post=19"}],"version-history":[{"count":8,"href":"https:\/\/forteiguatemi-faeng.ufms.br\/en\/wp-json\/wp\/v2\/pages\/19\/revisions"}],"predecessor-version":[{"id":144,"href":"https:\/\/forteiguatemi-faeng.ufms.br\/en\/wp-json\/wp\/v2\/pages\/19\/revisions\/144"}],"wp:attachment":[{"href":"https:\/\/forteiguatemi-faeng.ufms.br\/en\/wp-json\/wp\/v2\/media?parent=19"}],"wp:term":[{"taxonomy":"author","embeddable":true,"href":"https:\/\/forteiguatemi-faeng.ufms.br\/en\/wp-json\/wp\/v2\/coauthors?post=19"}],"curies":[{"name":"wp","href":"https:\/\/api.w.org\/{rel}","templated":true}]}}