{"id":21,"date":"2023-05-08T11:52:18","date_gmt":"2023-05-08T15:52:18","guid":{"rendered":"https:\/\/forteiguatemi-faeng.ufms.br\/?page_id=21"},"modified":"2023-07-17T20:36:21","modified_gmt":"2023-07-18T00:36:21","slug":"o-forte","status":"publish","type":"page","link":"https:\/\/forteiguatemi-faeng.ufms.br\/en\/o-forte\/","title":{"rendered":"O FORTE IGUATEMI"},"content":{"rendered":"<h3>[slideshow_deploy id=&#8217;172&#8242;]<\/h3>\n<p>No contexto de disputa entre Espanha e Portugal e o acirramento ao Sul envolvendo a Col\u00f4nia de Sacramento e as terras do Rio Grande, a constru\u00e7\u00e3o do Forte de Nossa Senhora dos Prazeres do Iguatemi \u00e9 investido como a\u00e7\u00e3o estrat\u00e9gica levada a cabo por Morgado de Mateus, no intuito de ganhar tempo e conter o avan\u00e7o dos castelhanos ao Sul.<\/p>\n<p>Para tanto, era premente conhecer geograficamente a regi\u00e3o, especialmente a hidrografia. Assim, Morgado de Mateus lan\u00e7a m\u00e3o dos mapas elaborados antes de sua vinda, nas expedi\u00e7\u00f5es para identificar as \u00e1reas menos conhecidas. Com o conhecimento da regi\u00e3o, esperava uma situa\u00e7\u00e3o oportuna para fazer marchar a Capitania armada, sendo umas das \u00e1reas visadas a do Iguatemi, na medida em que \u201cdesde o s\u00e9culo XVII, as \u00e1reas dos Rios Jejui, Igurei e Iguatemi eram palmilhadas por paulistas, havendo constantes choques com os espanh\u00f3is\u201d. (BERLLOTTO, 1979, p. 118).<\/p>\n<p>O Tratado de Madrid em seus artigos 5 e 6 estabeleceu a\u00ed a fronteira entre Portugal e Espanha, onde todo o vale do Iguatemi fixaria o lado portugu\u00eas, embora no momento da demarca\u00e7\u00e3o houvesse d\u00favidas na defini\u00e7\u00e3o real do local. Em meados de 1766, foram criadas as primeiras expedi\u00e7\u00f5es de avan\u00e7o para o Oeste, regi\u00e3o que passava por intenso conflito agravado pelo assassinato por afogamento do Governador do Paraguai no Rio Iguatemi. Morgado de Mateus, atrav\u00e9s de seus informantes infiltrados nos meios espanh\u00f3is, considerava a possibilidade de contar com a colabora\u00e7\u00e3o dos amotinados do Paraguai.<\/p>\n<p>Segundo relatos em Documentos Interessantes, Jo\u00e3o Martins Barros foi o fundador do Iguatemi. H\u00e1 de se destacar a presen\u00e7a do capit\u00e3o Jo\u00e3o Alves Ferreira e do Brigadeiro Jos\u00e9 Cust\u00f3dio de S\u00e1 Faria, que l\u00e1 foram cuidar da pra\u00e7a e fortific\u00e1-la. Dessa forma, inicia-se a constitui\u00e7\u00e3o da empresa Iguatemi que seria um conjunto de a\u00e7\u00f5es para a sobreviv\u00eancia por meio de aparatos de expedi\u00e7\u00f5es, estrat\u00e9gias de avan\u00e7o de combate aos castelhanos e demais atos inerentes ao prop\u00f3sito inicial de defesa do territ\u00f3rio fronteiri\u00e7o no Brasil.<\/p>\n<p>\u00c9 poss\u00edvel questionar, a partir do pleno conhecimento de Morgado de Mateus sobre a instala\u00e7\u00e3o de sua pra\u00e7a nos Sert\u00f5es do Iva\u00ed, se todas as estrat\u00e9gias de instalar a Pra\u00e7a do Iguatemi j\u00e1 n\u00e3o vieram prontas de Portugal, quando de sua nomea\u00e7\u00e3o enquanto Governador da capitania de S\u00e3o Paulo, cuja planta deste forte j\u00e1 estaria antecipadamente planejada. O fato \u00e9 que Morgado de Mateus demonstrava uma certa obsess\u00e3o para cumprir a miss\u00e3o de defender- se dos Castelhanos pelo Rio Iguatemi, em detrimento das investidas contra os espanh\u00f3is no Sul, o que causaria um desapontamento da Corte, culminando no in\u00edcio de sua queda como Governador desta Capitania.<\/p>\n<p>Outro fato \u00e9 justamente em rela\u00e7\u00e3o aos desenhos das plantas que definiam o projeto da Pra\u00e7a do Iguatemi, pois, Jos\u00e9 Cust\u00f3dio em 1774\/1775 elabora uma planta diferente da anterior, talvez pela inviabilidade de construir um forte naquela regi\u00e3o. (Fig. 30).<\/p>\n<p>A falta de respostas da corte e tamb\u00e9m da pra\u00e7a do Iguatemi quanto aos pr\u00f3ximos passos na atua\u00e7\u00e3o de Morgado de Mateus relacionavam-se \u00e0 expectativa de not\u00edcias da Pen\u00ednsula Ib\u00e9rica no tocante \u00e0s rela\u00e7\u00f5es de Portugal e Espanha, de modo que as rela\u00e7\u00f5es aqui na Am\u00e9rica n\u00e3o interferissem nos interesses de paz entre os dois pa\u00edses.<\/p>\n<p>Naturalmente os espanh\u00f3is n\u00e3o viram com bom grado a ocupa\u00e7\u00e3o no Rio Iguatemi e logo os governos do Paraguai e de Buenos Aires se manifestaram contra essa ocupa\u00e7\u00e3o ao Vice-rei no Rio de Janeiro, embasados no Tratado de Madri. No entanto, as tratativas foram muito amenas j\u00e1 que as rela\u00e7\u00f5es entre Portugal e Espanha estavam em bom termo, apesar de Morgado de Mateus ter convic\u00e7\u00e3o da jurisdi\u00e7\u00e3o Portuguesa na regi\u00e3o. Certamente, somava-se \u00e0 press\u00e3o espanhola a dificuldade da manuten\u00e7\u00e3o das pessoas e da estrutura do Forte em lugar t\u00e3o ermo.<\/p>\n<p>Al\u00e9m da deser\u00e7\u00e3o, ainda amea\u00e7avam o bom andamento do pres\u00eddio de Nossa Senhora dos Prazeres, os descontentamentos, dos quais participavam tanto soldados como povoadores, embora n\u00e3o chegassem propriamente em motins. As condi\u00e7\u00f5es eram realmente \u00e1rduas. A lavoura viu-se constantemente prejudicada pelas chuvas. As epidemias causavam muitas baixas. E havia, em meio a isso, os \u00e2nimos exaltados de alguns, que facilmente convenciam os mais revoltados. (BERLLOTTO, 1979, p. 146).<\/p>\n<p>Muitas foram as investidas e preocupa\u00e7\u00e3o em manter o Pres\u00eddio do Iguatemi das dificuldades citadas. Uma das orienta\u00e7\u00f5es dos Servi\u00e7os Ultramarinos atrav\u00e9s do Secret\u00e1rio Martinho Mello e Castro diante das condi\u00e7\u00f5es do Pres\u00eddio, foi a de mandar Jos\u00e9 Cust\u00f3dio para relatar as reais condi\u00e7\u00f5es do Iguatemi desde 1771, al\u00e9m de fortificar, treinar a tropa local para defesa e t\u00e1ticas de ataques e emboscadas, sendo esta averigua\u00e7\u00e3o feita apenas em 1774\/1775, justamente quando este engenheiro faz o desenho da Planta do Iguatemi. Nos desenhos de Jos\u00e9 Cust\u00f3dio, pode-se constatar que realmente havia dentro dos muros da fortifica\u00e7\u00e3o arruamentos e caracter\u00edsticas de uma Vila: algumas ruas com edif\u00edcios como o quartel do Governador, Casa da Fazenda Real, Quartel das Tropas, Igreja, C\u00e2mara e Corpo de Guarda. Essas caracter\u00edsticas arquitet\u00f4nicas j\u00e1 definem os sistemas das fortifica\u00e7\u00f5es modernas que estavam acontecendo na Europa e j\u00e1 assimiladas pelos engenheiros militares de Portugal com os baluartes e as vilas no interior. (Fig. 31)<\/p>\n<p>No entanto, esta organiza\u00e7\u00e3o n\u00e3o foi suficiente para impedir as epidemias e a falta de abastecimento na Pra\u00e7a, tanto de atendimento m\u00e9dico como de alimentos, que refletiam no alto \u00edndices de mortes no per\u00edodo de 1769 a 1774.<\/p>\n<p>Segundo o Di\u00e1rio das Navega\u00e7\u00f5es, onde est\u00e3o os relatos de uma das expedi\u00e7\u00f5es que partiu de Araritaguaba, hoje Porto Feliz em dire\u00e7\u00e3o ao s\u00edtio do Iguatemi de 13 de abril de 1769 at\u00e9 seu regresso, o comandante Teot\u00f4nio Jos\u00e9 Juzarte descreve de forma surpreendente a viagem e as condi\u00e7\u00f5es de horrores das pragas, desconforto, fome e morte. Juzarte tamb\u00e9m produz um desenho do Forte. (Fig. 32).<\/p>\n<p>Esta expedi\u00e7\u00e3o, que demorou mais de dois meses para chegar ao destino determinado, era composta por mais de setecentas pessoas, compostas de homens, mulheres, rapazes, crian\u00e7as e soldados, al\u00e9m de animais e mantimentos que nem sempre eram suficientes para todos.<\/p>\n<p>Ao fim de 1772, a determina\u00e7\u00e3o da \u00e1rea central era que Morgado de Mateus renunciasse e abandonasse seus prop\u00f3sitos na Pra\u00e7a do Iguatemi e que a for\u00e7a militar da Capitania de S\u00e3o Paulo se juntasse \u00e0s do Rio de Janeiro e de Jos\u00e9 Cust\u00f3dio para defender o Sul, contra a vontade de Morgado de Mateus que insistia da import\u00e2ncia estrat\u00e9gica da Pra\u00e7a Iguatemi perante a corte. Assim, atrav\u00e9s do decreto de 9 de junho de 1774, a corte designou seu sucessor Martim Lopes Lobo de Saldanha, que foi muito cr\u00edtico dos esfor\u00e7os de seu antecessor, oposi\u00e7\u00e3o essa que teve reflexos em Iguatemi.<\/p>\n<p>O fracasso dessa investida foi confirmado com a press\u00e3o da Coroa em abandonar a Pra\u00e7a do Iguatemi e a Fortifica\u00e7\u00e3o foi invadida pelos castelhanos. A povoa\u00e7\u00e3o foi incendiada e os espanh\u00f3is se retiraram em seguida. A artilharia capturada demonstrou a fragilidade da fortifica\u00e7\u00e3o, incapaz de responder seu prop\u00f3sito de defesa territorial.<\/p>\n<p>Foi tamb\u00e9m comprovado que o Forte de Nossa Senhora dos Prazeres do Iguatemi, est\u00e1 localizado no Munic\u00edpio de Paranhos-MS, a margem direita do Rio Iguatemi, no estado de Mato Grosso do Sul, Brasil, territ\u00f3rio pertencente \u00e0 Aldeia Ind\u00edgena Ivykuarusu Takuaraty (Paraguassu). (Fig. 33).<\/p>\n<p>Atualmente, por se localizar dentro de um territ\u00f3rio ind\u00edgena reconhecido, n\u00e3o \u00e9 permitido visitas nem levantamentos no entorno nem na estrutura remanescente do Forte Nossa Senhora dos Prazeres do Iguatemi, o que impede que este seja explorado e estudado. Dentro de sua pra\u00e7a, situa-se uma escola municipal ind\u00edgena, este, e qualquer outro uso atual para o Forte \u00e9 de posse total Aldeia Paraguassu, mesmo que o Forte tenha sido tombado.<\/p>\n<p><strong>Figura 30 <\/strong>-: Demonstra\u00e7\u00e3o do terreno imediato \u00e0 Pra\u00e7a N.S. dos Prazeres do Rio Ygatemi.<\/p>\n<p><strong>Fonte: <\/strong>&lt;<a href=\"https:\/\/drive.google.com\/file\/d\/1LdwZ9pjtJEVcqp39mj1BiowUqMS-R1jv\/view?usp=sharin\">https:\/\/drive.google.com\/file\/d\/1LdwZ9pjtJEVcqp39mj1BiowUqMS-<\/a> <a href=\"https:\/\/drive.google.com\/file\/d\/1LdwZ9pjtJEVcqp39mj1BiowUqMS-R1jv\/view?usp=sharin\">R1jv\/view?usp=sharing<\/a>&gt;<\/p>\n<p><strong>Figura 31 <\/strong>&#8211; Plano em Borr\u00e3o da vila interna do Forte<\/p>\n<p><strong>Fonte: <\/strong>JUZARTE, Plano em Borr\u00e3o, 1769. p. 55<\/p>\n<p><strong>Figura 32 <\/strong>&#8211; Demonstra\u00e7\u00e3o da Pra\u00e7a N.S. dos Prazeres do Rio Ygatemi.<\/p>\n<p><strong>Fonte: <\/strong><a href=\"https:\/\/drive.google.com\/file\/d\/12V4pn2Faaw8lOrpQWqyHiDqWRxDstc4S\/view?usp=sharing\">https:\/\/drive.google.com\/file\/d\/12V4pn2Faaw8lOrpQWqyHiDqWRxDstc4S\/view?usp=sharing<\/a><\/p>\n<p><strong>Figura 33 <\/strong>&#8211; Indica\u00e7\u00e3o cartogr\u00e1fica do local destinado a constru\u00e7\u00e3o do Forte do Iguatemi<\/p>\n<p><strong>Fonte: <\/strong><a href=\"https:\/\/drive.google.com\/file\/d\/1LdwZ9pjtJEVcqp39mj1BiowUqMS-R1jv\/view?usp=sharing\">https:\/\/drive.google.com\/file\/d\/1LdwZ9pjtJEVcqp39mj1BiowUqMS-<\/a> <a href=\"https:\/\/drive.google.com\/file\/d\/1LdwZ9pjtJEVcqp39mj1BiowUqMS-R1jv\/view?usp=sharing\">R1jv\/view?usp=sharing<\/a><\/p>\n","protected":false},"excerpt":{"rendered":"<p>[slideshow_deploy id=&#8217;172&#8242;] No contexto de disputa entre Espanha e Portugal e o acirramento ao Sul envolvendo a Col\u00f4nia de Sacramento e as terras do Rio Grande, a constru\u00e7\u00e3o do Forte de Nossa Senhora dos Prazeres do Iguatemi \u00e9 investido como a\u00e7\u00e3o estrat\u00e9gica levada a cabo por Morgado de Mateus, no intuito de ganhar tempo e [&hellip;]<\/p>\n","protected":false},"author":41708,"featured_media":0,"parent":0,"menu_order":0,"comment_status":"closed","ping_status":"closed","template":"","meta":{"footnotes":""},"coauthors":[],"class_list":["post-21","page","type-page","status-publish","hentry"],"_links":{"self":[{"href":"https:\/\/forteiguatemi-faeng.ufms.br\/en\/wp-json\/wp\/v2\/pages\/21","targetHints":{"allow":["GET"]}}],"collection":[{"href":"https:\/\/forteiguatemi-faeng.ufms.br\/en\/wp-json\/wp\/v2\/pages"}],"about":[{"href":"https:\/\/forteiguatemi-faeng.ufms.br\/en\/wp-json\/wp\/v2\/types\/page"}],"author":[{"embeddable":true,"href":"https:\/\/forteiguatemi-faeng.ufms.br\/en\/wp-json\/wp\/v2\/users\/41708"}],"replies":[{"embeddable":true,"href":"https:\/\/forteiguatemi-faeng.ufms.br\/en\/wp-json\/wp\/v2\/comments?post=21"}],"version-history":[{"count":7,"href":"https:\/\/forteiguatemi-faeng.ufms.br\/en\/wp-json\/wp\/v2\/pages\/21\/revisions"}],"predecessor-version":[{"id":193,"href":"https:\/\/forteiguatemi-faeng.ufms.br\/en\/wp-json\/wp\/v2\/pages\/21\/revisions\/193"}],"wp:attachment":[{"href":"https:\/\/forteiguatemi-faeng.ufms.br\/en\/wp-json\/wp\/v2\/media?parent=21"}],"wp:term":[{"taxonomy":"author","embeddable":true,"href":"https:\/\/forteiguatemi-faeng.ufms.br\/en\/wp-json\/wp\/v2\/coauthors?post=21"}],"curies":[{"name":"wp","href":"https:\/\/api.w.org\/{rel}","templated":true}]}}